{"id":183,"date":"2018-07-05T22:02:24","date_gmt":"2018-07-05T22:02:24","guid":{"rendered":"https:\/\/unbland.co\/?post_type=product&#038;p=183"},"modified":"2025-03-14T21:41:35","modified_gmt":"2025-03-14T20:41:35","slug":"baharat","status":"publish","type":"product","link":"https:\/\/unbland.co\/nl\/product\/baharat\/","title":{"rendered":"Baharat"},"content":{"rendered":"<div data-elementor-type=\"wp-post\" data-elementor-id=\"183\" class=\"elementor elementor-183\" data-elementor-post-type=\"product\">\n\t\t\t\t\t\t<section class=\"elementor-section elementor-top-section elementor-element elementor-element-6c3dd063 elementor-section-boxed elementor-section-height-default elementor-section-height-default\" data-id=\"6c3dd063\" data-element_type=\"section\">\n\t\t\t\t\t\t<div class=\"elementor-container elementor-column-gap-default\">\n\t\t\t\t\t<div class=\"elementor-column elementor-col-100 elementor-top-column elementor-element elementor-element-6b85938e\" data-id=\"6b85938e\" data-element_type=\"column\">\n\t\t\t<div class=\"elementor-widget-wrap elementor-element-populated\">\n\t\t\t\t\t\t<div class=\"elementor-element elementor-element-5e913da1 elementor-widget elementor-widget-text-editor\" data-id=\"5e913da1\" data-element_type=\"widget\" data-widget_type=\"text-editor.default\">\n\t\t\t\t<div class=\"elementor-widget-container\">\n\t\t\t\t\t\t\t\t\t<h1>Baharat<\/h1>\t\t\t\t\t\t\t\t<\/div>\n\t\t\t\t<\/div>\n\t\t\t\t\t<\/div>\n\t\t<\/div>\n\t\t\t\t\t<\/div>\n\t\t<\/section>\n\t\t\t\t<section class=\"elementor-section elementor-top-section elementor-element elementor-element-7912bd2 elementor-section-boxed elementor-section-height-default elementor-section-height-default\" data-id=\"7912bd2\" data-element_type=\"section\">\n\t\t\t\t\t\t<div class=\"elementor-container elementor-column-gap-default\">\n\t\t\t\t\t<div class=\"elementor-column elementor-col-100 elementor-top-column elementor-element elementor-element-8eb6e7f\" data-id=\"8eb6e7f\" data-element_type=\"column\">\n\t\t\t<div class=\"elementor-widget-wrap elementor-element-populated\">\n\t\t\t\t\t\t<div class=\"elementor-element elementor-element-56cbd49 elementor-widget elementor-widget-text-editor\" data-id=\"56cbd49\" data-element_type=\"widget\" data-widget_type=\"text-editor.default\">\n\t\t\t\t<div class=\"elementor-widget-container\">\n\t\t\t\t\t\t\t\t\t<p>Baharat is een kruidenmix die wordt gebruikt in de Midden-Oosterse en Griekse keuken. Baharat is het Arabische woord voor specerijen. Het mengsel van fijngemalen kruiden wordt vaak gebruikt om lamsvlees, vis, kip, rundvlees en soepen op smaak te brengen en voegt een aromatische, warme en zoete smaak aan je gerecht toe. Het smaakt ook geweldig op je pizza.<\/p>\t\t\t\t\t\t\t\t<\/div>\n\t\t\t\t<\/div>\n\t\t\t\t<div class=\"elementor-element elementor-element-4872776 elementor-widget elementor-widget-text-editor\" data-id=\"4872776\" data-element_type=\"widget\" data-widget_type=\"text-editor.default\">\n\t\t\t\t<div class=\"elementor-widget-container\">\n\t\t\t\t\t\t\t\t\t\u00b7 \u00b7 \u00b7 \u25ca \u25ca \u25ca \u00b7 \u00b7 \u00b7\t\t\t\t\t\t\t\t<\/div>\n\t\t\t\t<\/div>\n\t\t\t\t\t<\/div>\n\t\t<\/div>\n\t\t\t\t\t<\/div>\n\t\t<\/section>\n\t\t\t\t<section class=\"elementor-section elementor-top-section elementor-element elementor-element-6dc9a05 elementor-section-full_width elementor-section-height-default elementor-section-height-default\" data-id=\"6dc9a05\" data-element_type=\"section\">\n\t\t\t\t\t\t<div class=\"elementor-container elementor-column-gap-default\">\n\t\t\t\t\t<div class=\"elementor-column elementor-col-66 elementor-top-column elementor-element elementor-element-93922cc\" data-id=\"93922cc\" data-element_type=\"column\">\n\t\t\t<div class=\"elementor-widget-wrap elementor-element-populated\">\n\t\t\t\t\t\t<div class=\"elementor-element elementor-element-0ee20f2 elementor-invisible elementor-widget elementor-widget-image\" data-id=\"0ee20f2\" data-element_type=\"widget\" data-settings=\"{&quot;_animation&quot;:&quot;fadeIn&quot;}\" data-widget_type=\"image.default\">\n\t\t\t\t<div class=\"elementor-widget-container\">\n\t\t\t\t\t\t\t\t\t\t\t\t\t\t\t<img decoding=\"async\" src=\"https:\/\/unbland.co\/wp-content\/uploads\/2020\/12\/baharat-spiceblend-880x870.jpg\" title=\"baharat-spiceblend\" alt=\"Baharat spice blend\" loading=\"lazy\" \/>\t\t\t\t\t\t\t\t\t\t\t\t\t\t\t<\/div>\n\t\t\t\t<\/div>\n\t\t\t\t\t<\/div>\n\t\t<\/div>\n\t\t\t\t<div class=\"elementor-column elementor-col-33 elementor-top-column elementor-element elementor-element-15f7a3c\" data-id=\"15f7a3c\" data-element_type=\"column\" data-settings=\"{&quot;background_background&quot;:&quot;classic&quot;}\">\n\t\t\t<div class=\"elementor-widget-wrap elementor-element-populated\">\n\t\t\t\t\t\t<div class=\"elementor-element elementor-element-32c9e3e elementor-widget elementor-widget-global elementor-global-5047 elementor-widget-woocommerce-product-price\" data-id=\"32c9e3e\" data-element_type=\"widget\" data-widget_type=\"woocommerce-product-price.default\">\n\t\t\t\t<div class=\"elementor-widget-container\">\n\t\t\t\t\t<p class=\"price\"><span class=\"woocommerce-Price-amount amount\"><bdi><span class=\"woocommerce-Price-currencySymbol\">&euro;<\/span>3.95<\/bdi><\/span><\/p>\n\t\t\t\t<\/div>\n\t\t\t\t<\/div>\n\t\t\t\t<div class=\"elementor-element elementor-element-3cfc715 elementor-add-to-cart--align-left elementor-add-to-cart-mobile--align-center e-add-to-cart--show-quantity-yes elementor-widget elementor-widget-global elementor-global-5052 elementor-widget-woocommerce-product-add-to-cart\" data-id=\"3cfc715\" data-element_type=\"widget\" data-widget_type=\"woocommerce-product-add-to-cart.default\">\n\t\t\t\t<div class=\"elementor-widget-container\">\n\t\t\t\t\t\n\t\t<div class=\"elementor-add-to-cart elementor-product-simple\">\n\t\t\t<p class=\"stock out-of-stock\" data-no-translation=\"\" data-trp-gettext=\"\">Uitverkocht<\/p>\n\t\t<\/div>\n\n\t\t\t\t\t\t<\/div>\n\t\t\t\t<\/div>\n\t\t\t\t<div class=\"elementor-element elementor-element-11b4200 elementor-widget elementor-widget-text-editor\" data-id=\"11b4200\" data-element_type=\"widget\" data-widget_type=\"text-editor.default\">\n\t\t\t\t<div class=\"elementor-widget-container\">\n\t\t\t\t\t\t\t\t\t<p>Ingredi\u00ebnten: piment, zwarte peper, kaneel, kruidnagel, nootmuskaat, kurkuma, gember.<\/p>\t\t\t\t\t\t\t\t<\/div>\n\t\t\t\t<\/div>\n\t\t\t\t<div class=\"elementor-element elementor-element-e7ea3b4 elementor-widget elementor-widget-text-editor\" data-id=\"e7ea3b4\" data-element_type=\"widget\" data-widget_type=\"text-editor.default\">\n\t\t\t\t<div class=\"elementor-widget-container\">\n\t\t\t\t\t\t\t\t\t<p>Nettogewicht 35gram<\/p><p>Het beste te gebruiken binnen 3 maanden<\/p>\t\t\t\t\t\t\t\t<\/div>\n\t\t\t\t<\/div>\n\t\t\t\t<div class=\"elementor-element elementor-element-d1f6bc2 elementor-widget elementor-widget-text-editor\" data-id=\"d1f6bc2\" data-element_type=\"widget\" data-widget_type=\"text-editor.default\">\n\t\t\t\t<div class=\"elementor-widget-container\">\n\t\t\t\t\t\t\t\t\t<p>Onze kruidenmixen zijn handgemaakt op bestelling en worden binnen 2-3 werkdagen verzonden.&nbsp;<br><span style=\"font-size: 16px;\">Alle mixen zijn verpakt in hersluitbare zakjes.<\/span><\/p>\t\t\t\t\t\t\t\t<\/div>\n\t\t\t\t<\/div>\n\t\t\t\t\t<\/div>\n\t\t<\/div>\n\t\t\t\t\t<\/div>\n\t\t<\/section>\n\t\t\t\t<section class=\"elementor-section elementor-top-section elementor-element elementor-element-2853e3f elementor-section-full_width elementor-section-height-default elementor-section-height-default\" data-id=\"2853e3f\" data-element_type=\"section\">\n\t\t\t\t\t\t<div class=\"elementor-container elementor-column-gap-default\">\n\t\t\t\t\t<div class=\"elementor-column elementor-col-33 elementor-top-column elementor-element elementor-element-5d1f7bf\" data-id=\"5d1f7bf\" data-element_type=\"column\">\n\t\t\t<div class=\"elementor-widget-wrap elementor-element-populated\">\n\t\t\t\t\t\t<div class=\"elementor-element elementor-element-9868d82 elementor-widget elementor-widget-text-editor\" data-id=\"9868d82\" data-element_type=\"widget\" data-widget_type=\"text-editor.default\">\n\t\t\t\t<div class=\"elementor-widget-container\">\n\t\t\t\t\t\t\t\t\t<p><b>HERKOMST<\/b><\/p><p>Men denkt dat het woord baharat afkomstig is van het Arabische woord dat specerij betekent. Er wordt gezegd dat de mix afkomstig is uit de Noord-Afrikaanse regio's, maar het wordt meestal gebruikt in Saoedi-Arabi\u00eb, Turkije en het Midden-Oosten, met name in Libanon, Syri\u00eb, Isra\u00ebl en Jordani\u00eb. In Isra\u00ebl schijnt de kruidenmix ge\u00efntroduceerd te zijn door de Joodse gemeenschap afkomstig uit Irak.<\/p><p><b>HOE TE GEBRUIKEN<\/b><\/p><p>Omdat de meeste kruiden in de mix over de hele wereld populair zijn, kan baharat ook in veel westerse gerechten worden gebruikt. Je kunt het gebruiken voor het roerbakken van vlees en groenten en voor het toevoegen van smaak aan je soepen en marinades. Overweeg ook eens om de kruidenmix in olie te braden enzo de smaken vrij te geven en vervolgens de olie te gebruiken om vlees of groenten voor op de grill in te wrijven.<\/p><p>Baharat gaat geweldig samen met lamsvlees, kip, rundvlees, varkensvlees, vette vis (zoals makreel, zalm en sardines), linzen, rijst, couscous, hummus, geroosterde aardappel, brood, kikkererwten, tomaat, ui, knoflook, citroen, komkommer, aubergine , courgette, pijnboompitten, peterselie, munt en yoghurtdips.<\/p><p>Het is geen pittige mix en geschikt voor een breed scala aan gerechten.<\/p>\t\t\t\t\t\t\t\t<\/div>\n\t\t\t\t<\/div>\n\t\t\t\t\t<\/div>\n\t\t<\/div>\n\t\t\t\t<div class=\"elementor-column elementor-col-33 elementor-top-column elementor-element elementor-element-bc88fc5\" data-id=\"bc88fc5\" data-element_type=\"column\">\n\t\t\t<div class=\"elementor-widget-wrap elementor-element-populated\">\n\t\t\t\t\t\t<div class=\"elementor-element elementor-element-5f52fb2 elementor-widget elementor-widget-image\" data-id=\"5f52fb2\" data-element_type=\"widget\" data-widget_type=\"image.default\">\n\t\t\t\t<div class=\"elementor-widget-container\">\n\t\t\t\t\t\t\t\t\t\t\t\t\t\t\t<img fetchpriority=\"high\" decoding=\"async\" width=\"800\" height=\"976\" src=\"https:\/\/unbland.co\/wp-content\/uploads\/2018\/07\/baharat-detail-839x1024.jpg\" class=\"attachment-large size-large wp-image-2414\" alt=\"Baharat spice blend detail\" srcset=\"https:\/\/unbland.co\/wp-content\/uploads\/2018\/07\/baharat-detail-839x1024.jpg 839w, https:\/\/unbland.co\/wp-content\/uploads\/2018\/07\/baharat-detail-600x732.jpg 600w, https:\/\/unbland.co\/wp-content\/uploads\/2018\/07\/baharat-detail-246x300.jpg 246w, https:\/\/unbland.co\/wp-content\/uploads\/2018\/07\/baharat-detail-768x937.jpg 768w, https:\/\/unbland.co\/wp-content\/uploads\/2018\/07\/baharat-detail-566x690.jpg 566w, https:\/\/unbland.co\/wp-content\/uploads\/2018\/07\/baharat-detail-790x964.jpg 790w, https:\/\/unbland.co\/wp-content\/uploads\/2018\/07\/baharat-detail.jpg 1200w\" sizes=\"(max-width: 800px) 100vw, 800px\" \/>\t\t\t\t\t\t\t\t\t\t\t\t\t\t\t<\/div>\n\t\t\t\t<\/div>\n\t\t\t\t\t<\/div>\n\t\t<\/div>\n\t\t\t\t<div class=\"elementor-column elementor-col-33 elementor-top-column elementor-element elementor-element-813c3b2\" data-id=\"813c3b2\" data-element_type=\"column\">\n\t\t\t<div class=\"elementor-widget-wrap elementor-element-populated\">\n\t\t\t\t\t\t<div class=\"elementor-element elementor-element-30d1d89 elementor-widget elementor-widget-text-editor\" data-id=\"30d1d89\" data-element_type=\"widget\" data-widget_type=\"text-editor.default\">\n\t\t\t\t<div class=\"elementor-widget-container\">\n\t\t\t\t\t\t\t\t\t01<br \/>\nOp de foto zijn alle zeven kruiden weergegeven die in onze Baharat mix zijn gebruikt.\t\t\t\t\t\t\t\t<\/div>\n\t\t\t\t<\/div>\n\t\t\t\t\t<\/div>\n\t\t<\/div>\n\t\t\t\t\t<\/div>\n\t\t<\/section>\n\t\t\t\t<section class=\"elementor-section elementor-top-section elementor-element elementor-element-27dbdb8 elementor-section-full_width elementor-section-height-min-height elementor-section-height-default elementor-section-items-middle\" data-id=\"27dbdb8\" data-element_type=\"section\">\n\t\t\t\t\t\t<div class=\"elementor-container elementor-column-gap-no\">\n\t\t\t\t\t<div class=\"elementor-column elementor-col-100 elementor-top-column elementor-element elementor-element-8045208\" data-id=\"8045208\" data-element_type=\"column\">\n\t\t\t<div class=\"elementor-widget-wrap elementor-element-populated\">\n\t\t\t\t\t\t<div class=\"elementor-element elementor-element-274b690 elementor-widget elementor-widget-text-editor\" data-id=\"274b690\" data-element_type=\"widget\" data-widget_type=\"text-editor.default\">\n\t\t\t\t<div class=\"elementor-widget-container\">\n\t\t\t\t\t\t\t\t\t<p>unlearn<br \/>\/<br \/>Unbland<\/p>\t\t\t\t\t\t\t\t<\/div>\n\t\t\t\t<\/div>\n\t\t\t\t\t<\/div>\n\t\t<\/div>\n\t\t\t\t\t<\/div>\n\t\t<\/section>\n\t\t\t\t<section class=\"elementor-section elementor-top-section elementor-element elementor-element-86bde9a elementor-section-boxed elementor-section-height-default elementor-section-height-default\" data-id=\"86bde9a\" data-element_type=\"section\">\n\t\t\t\t\t\t<div class=\"elementor-container elementor-column-gap-default\">\n\t\t\t\t\t<div class=\"elementor-column elementor-col-100 elementor-top-column elementor-element elementor-element-d49df4e\" data-id=\"d49df4e\" data-element_type=\"column\">\n\t\t\t<div class=\"elementor-widget-wrap elementor-element-populated\">\n\t\t\t\t\t\t<div class=\"elementor-element elementor-element-b81fbf6 elementor-grid-3 elementor-product-loop-item--align-center elementor-grid-tablet-3 elementor-grid-mobile-2 elementor-products-grid elementor-wc-products show-heading-yes elementor-widget elementor-widget-global elementor-global-5069 elementor-widget-woocommerce-product-related\" data-id=\"b81fbf6\" data-element_type=\"widget\" data-widget_type=\"woocommerce-product-related.default\">\n\t\t\t\t<div class=\"elementor-widget-container\">\n\t\t\t\t\t\n\t<section class=\"related products\">\n\n\t\t\t\t\t<h2 data-no-translation=\"\" data-trp-gettext=\"\">Voel je je avontuurlijk? Bekijk dan ook deze mixen. Doe eens gek.<\/h2>\n\t\t\t\t<ul class=\"products elementor-grid columns-4\">\n\n\t\t\t\n\t\t\t\t\t<li class=\"product type-product post-3223 status-publish first outofstock product_cat-blend product_tag-afghanistan product_tag-blend product_tag-char-masala product_tag-masala product_tag-middle-east has-post-thumbnail purchasable product-type-simple\">\n\t<a href=\"https:\/\/unbland.co\/nl\/product\/char-masala\/\" class=\"woocommerce-LoopProduct-link woocommerce-loop-product__link\"><img decoding=\"async\" width=\"300\" height=\"225\" src=\"https:\/\/unbland.co\/wp-content\/uploads\/2020\/12\/charmasala-spiceblend-300x225.jpg\" class=\"attachment-woocommerce_thumbnail size-woocommerce_thumbnail\" alt=\"Char Masala spice blend\" srcset=\"https:\/\/unbland.co\/wp-content\/uploads\/2020\/12\/charmasala-spiceblend-300x225.jpg 300w, https:\/\/unbland.co\/wp-content\/uploads\/2020\/12\/charmasala-spiceblend-600x450.jpg 600w, https:\/\/unbland.co\/wp-content\/uploads\/2020\/12\/charmasala-spiceblend-1024x768.jpg 1024w, https:\/\/unbland.co\/wp-content\/uploads\/2020\/12\/charmasala-spiceblend-768x576.jpg 768w, https:\/\/unbland.co\/wp-content\/uploads\/2020\/12\/charmasala-spiceblend-16x12.jpg 16w, https:\/\/unbland.co\/wp-content\/uploads\/2020\/12\/charmasala-spiceblend-920x690.jpg 920w, https:\/\/unbland.co\/wp-content\/uploads\/2020\/12\/charmasala-spiceblend-790x593.jpg 790w, https:\/\/unbland.co\/wp-content\/uploads\/2020\/12\/charmasala-spiceblend.jpg 1160w\" sizes=\"(max-width: 300px) 100vw, 300px\" \/><h2 class=\"woocommerce-loop-product__title\">Char Masala<\/h2>\n\t<span class=\"price\"><span class=\"woocommerce-Price-amount amount\"><bdi><span class=\"woocommerce-Price-currencySymbol\">&euro;<\/span>3.95<\/bdi><\/span><\/span>\n<\/a><a href=\"https:\/\/unbland.co\/nl\/product\/char-masala\/\" aria-describedby=\"woocommerce_loop_add_to_cart_link_describedby_3223\" data-quantity=\"1\" class=\"button product_type_simple\" data-product_id=\"3223\" data-product_sku=\"NBLND016\" aria-label=\"Lees meer over \u201cChar Masala\u201d\" rel=\"nofollow\" data-success_message=\"\" data-no-translation=\"\" data-trp-gettext=\"\" data-no-translation-aria-label=\"\">Lees meer<\/a>\t<span id=\"woocommerce_loop_add_to_cart_link_describedby_3223\" class=\"screen-reader-text\">\n\t\t\t<\/span>\n<\/li>\n\n\t\t\t\n\t\t\t\t\t<li class=\"product type-product post-2856 status-publish outofstock product_cat-blend product_tag-blend product_tag-eastafrica product_tag-ethiopia product_tag-mitmita has-post-thumbnail purchasable product-type-simple\">\n\t<a href=\"https:\/\/unbland.co\/nl\/product\/mitmita\/\" class=\"woocommerce-LoopProduct-link woocommerce-loop-product__link\"><img decoding=\"async\" width=\"300\" height=\"225\" src=\"https:\/\/unbland.co\/wp-content\/uploads\/2020\/12\/mitmita-spiceblend-300x225.jpg\" class=\"attachment-woocommerce_thumbnail size-woocommerce_thumbnail\" alt=\"Mitmita spice blend\" srcset=\"https:\/\/unbland.co\/wp-content\/uploads\/2020\/12\/mitmita-spiceblend-300x225.jpg 300w, https:\/\/unbland.co\/wp-content\/uploads\/2020\/12\/mitmita-spiceblend-600x450.jpg 600w, https:\/\/unbland.co\/wp-content\/uploads\/2020\/12\/mitmita-spiceblend-1024x768.jpg 1024w, https:\/\/unbland.co\/wp-content\/uploads\/2020\/12\/mitmita-spiceblend-768x576.jpg 768w, https:\/\/unbland.co\/wp-content\/uploads\/2020\/12\/mitmita-spiceblend-16x12.jpg 16w, https:\/\/unbland.co\/wp-content\/uploads\/2020\/12\/mitmita-spiceblend-920x690.jpg 920w, https:\/\/unbland.co\/wp-content\/uploads\/2020\/12\/mitmita-spiceblend-790x593.jpg 790w, https:\/\/unbland.co\/wp-content\/uploads\/2020\/12\/mitmita-spiceblend.jpg 1160w\" sizes=\"(max-width: 300px) 100vw, 300px\" \/><h2 class=\"woocommerce-loop-product__title\">Mitmita<\/h2>\n\t<span class=\"price\"><span class=\"woocommerce-Price-amount amount\"><bdi><span class=\"woocommerce-Price-currencySymbol\">&euro;<\/span>3.95<\/bdi><\/span><\/span>\n<\/a><a href=\"https:\/\/unbland.co\/nl\/product\/mitmita\/\" aria-describedby=\"woocommerce_loop_add_to_cart_link_describedby_2856\" data-quantity=\"1\" class=\"button product_type_simple\" data-product_id=\"2856\" data-product_sku=\"NBLND011\" aria-label=\"Lees meer over \u201cMitmita\u201d\" rel=\"nofollow\" data-success_message=\"\" data-no-translation=\"\" data-trp-gettext=\"\" data-no-translation-aria-label=\"\">Lees meer<\/a>\t<span id=\"woocommerce_loop_add_to_cart_link_describedby_2856\" class=\"screen-reader-text\">\n\t\t\t<\/span>\n<\/li>\n\n\t\t\t\n\t\t\t\t\t<li class=\"product type-product post-2834 status-publish outofstock product_cat-blend product_tag-blend product_tag-middle-east product_tag-yemen product_tag-zhug has-post-thumbnail purchasable product-type-simple\">\n\t<a href=\"https:\/\/unbland.co\/nl\/product\/zhug\/\" class=\"woocommerce-LoopProduct-link woocommerce-loop-product__link\"><img loading=\"lazy\" decoding=\"async\" width=\"300\" height=\"225\" src=\"https:\/\/unbland.co\/wp-content\/uploads\/2020\/12\/zhug-spiceblend-300x225.jpg\" class=\"attachment-woocommerce_thumbnail size-woocommerce_thumbnail\" alt=\"Zhug spice blend\" srcset=\"https:\/\/unbland.co\/wp-content\/uploads\/2020\/12\/zhug-spiceblend-300x225.jpg 300w, https:\/\/unbland.co\/wp-content\/uploads\/2020\/12\/zhug-spiceblend-600x450.jpg 600w, https:\/\/unbland.co\/wp-content\/uploads\/2020\/12\/zhug-spiceblend-1024x768.jpg 1024w, https:\/\/unbland.co\/wp-content\/uploads\/2020\/12\/zhug-spiceblend-768x576.jpg 768w, https:\/\/unbland.co\/wp-content\/uploads\/2020\/12\/zhug-spiceblend-16x12.jpg 16w, https:\/\/unbland.co\/wp-content\/uploads\/2020\/12\/zhug-spiceblend-920x690.jpg 920w, https:\/\/unbland.co\/wp-content\/uploads\/2020\/12\/zhug-spiceblend-790x593.jpg 790w, https:\/\/unbland.co\/wp-content\/uploads\/2020\/12\/zhug-spiceblend.jpg 1160w\" sizes=\"(max-width: 300px) 100vw, 300px\" \/><h2 class=\"woocommerce-loop-product__title\">Zhug<\/h2>\n\t<span class=\"price\"><span class=\"woocommerce-Price-amount amount\"><bdi><span class=\"woocommerce-Price-currencySymbol\">&euro;<\/span>3.95<\/bdi><\/span><\/span>\n<\/a><a href=\"https:\/\/unbland.co\/nl\/product\/zhug\/\" aria-describedby=\"woocommerce_loop_add_to_cart_link_describedby_2834\" data-quantity=\"1\" class=\"button product_type_simple\" data-product_id=\"2834\" data-product_sku=\"NBLND013\" aria-label=\"Lees meer over \u201cZhug\u201d\" rel=\"nofollow\" data-success_message=\"\" data-no-translation=\"\" data-trp-gettext=\"\" data-no-translation-aria-label=\"\">Lees meer<\/a>\t<span id=\"woocommerce_loop_add_to_cart_link_describedby_2834\" class=\"screen-reader-text\">\n\t\t\t<\/span>\n<\/li>\n\n\t\t\t\n\t\t<\/ul>\n\n\t<\/section>\n\t\t\t\t\t<\/div>\n\t\t\t\t<\/div>\n\t\t\t\t\t<\/div>\n\t\t<\/div>\n\t\t\t\t\t<\/div>\n\t\t<\/section>\n\t\t\t\t<\/div>","protected":false},"excerpt":{"rendered":"<p>Baharat is a spice blend used in Middle Eastern and Greek cuisine. Baharat is the Arabic word for spices and often used to season lamb, fish, chicken, beef, and soups.<\/p>","protected":false},"featured_media":4526,"comment_status":"open","ping_status":"closed","template":"elementor_header_footer","meta":{"jetpack_post_was_ever_published":false,"jetpack_publicize_message":"","jetpack_publicize_feature_enabled":true,"jetpack_social_post_already_shared":true,"jetpack_social_options":{"image_generator_settings":{"template":"highway","enabled":false},"version":2}},"product_brand":[],"product_cat":[18],"product_tag":[19,20,21],"class_list":{"0":"post-183","1":"product","2":"type-product","3":"status-publish","4":"has-post-thumbnail","6":"product_cat-blend","7":"product_tag-baharat","8":"product_tag-blend","9":"product_tag-middle-east","11":"last","12":"outofstock","13":"purchasable","14":"product-type-simple"},"jetpack_publicize_connections":[],"jetpack_sharing_enabled":true,"_links":{"self":[{"href":"https:\/\/unbland.co\/nl\/wp-json\/wp\/v2\/product\/183","targetHints":{"allow":["GET"]}}],"collection":[{"href":"https:\/\/unbland.co\/nl\/wp-json\/wp\/v2\/product"}],"about":[{"href":"https:\/\/unbland.co\/nl\/wp-json\/wp\/v2\/types\/product"}],"replies":[{"embeddable":true,"href":"https:\/\/unbland.co\/nl\/wp-json\/wp\/v2\/comments?post=183"}],"version-history":[{"count":1,"href":"https:\/\/unbland.co\/nl\/wp-json\/wp\/v2\/product\/183\/revisions"}],"predecessor-version":[{"id":8226,"href":"https:\/\/unbland.co\/nl\/wp-json\/wp\/v2\/product\/183\/revisions\/8226"}],"wp:featuredmedia":[{"embeddable":true,"href":"https:\/\/unbland.co\/nl\/wp-json\/wp\/v2\/media\/4526"}],"wp:attachment":[{"href":"https:\/\/unbland.co\/nl\/wp-json\/wp\/v2\/media?parent=183"}],"wp:term":[{"taxonomy":"product_brand","embeddable":true,"href":"https:\/\/unbland.co\/nl\/wp-json\/wp\/v2\/product_brand?post=183"},{"taxonomy":"product_cat","embeddable":true,"href":"https:\/\/unbland.co\/nl\/wp-json\/wp\/v2\/product_cat?post=183"},{"taxonomy":"product_tag","embeddable":true,"href":"https:\/\/unbland.co\/nl\/wp-json\/wp\/v2\/product_tag?post=183"}],"curies":[{"name":"wp","href":"https:\/\/api.w.org\/{rel}","templated":true}]}}