{"id":5273,"date":"2021-07-05T23:08:02","date_gmt":"2021-07-05T21:08:02","guid":{"rendered":"https:\/\/unbland.co\/?post_type=product&#038;p=5273"},"modified":"2025-03-14T21:40:28","modified_gmt":"2025-03-14T20:40:28","slug":"chaimen","status":"publish","type":"product","link":"https:\/\/unbland.co\/nl\/product\/chaimen\/","title":{"rendered":"Chaimen"},"content":{"rendered":"<div data-elementor-type=\"wp-post\" data-elementor-id=\"5273\" class=\"elementor elementor-5273\" data-elementor-post-type=\"product\">\n\t\t\t\t\t\t<section class=\"elementor-section elementor-top-section elementor-element elementor-element-6500e8d8 elementor-section-boxed elementor-section-height-default elementor-section-height-default\" data-id=\"6500e8d8\" data-element_type=\"section\">\n\t\t\t\t\t\t<div class=\"elementor-container elementor-column-gap-default\">\n\t\t\t\t\t<div class=\"elementor-column elementor-col-100 elementor-top-column elementor-element elementor-element-29815753\" data-id=\"29815753\" data-element_type=\"column\">\n\t\t\t<div class=\"elementor-widget-wrap elementor-element-populated\">\n\t\t\t\t\t\t<div class=\"elementor-element elementor-element-7e4a6c54 animated-slow elementor-widget elementor-widget-text-editor\" data-id=\"7e4a6c54\" data-element_type=\"widget\" data-settings=\"{&quot;_animation&quot;:&quot;none&quot;}\" data-widget_type=\"text-editor.default\">\n\t\t\t\t<div class=\"elementor-widget-container\">\n\t\t\t\t\t\t\t\t\t<h1>Chaimen<\/h1>\t\t\t\t\t\t\t\t<\/div>\n\t\t\t\t<\/div>\n\t\t\t\t\t<\/div>\n\t\t<\/div>\n\t\t\t\t\t<\/div>\n\t\t<\/section>\n\t\t\t\t<section class=\"elementor-section elementor-top-section elementor-element elementor-element-7a42cdaf elementor-section-boxed elementor-section-height-default elementor-section-height-default\" data-id=\"7a42cdaf\" data-element_type=\"section\">\n\t\t\t\t\t\t<div class=\"elementor-container elementor-column-gap-default\">\n\t\t\t\t\t<div class=\"elementor-column elementor-col-100 elementor-top-column elementor-element elementor-element-18106303\" data-id=\"18106303\" data-element_type=\"column\">\n\t\t\t<div class=\"elementor-widget-wrap elementor-element-populated\">\n\t\t\t\t\t\t<div class=\"elementor-element elementor-element-145db824 elementor-widget elementor-widget-text-editor\" data-id=\"145db824\" data-element_type=\"widget\" data-widget_type=\"text-editor.default\">\n\t\t\t\t<div class=\"elementor-widget-container\">\n\t\t\t\t\t\t\t\t\t<p>Chaimen is een authentieke Armeense kruidenmix. Deze aromatische mix geeft ontzettend veel karakteristieke smaak aan je vlees- of groentegerechten. Onze blend bestaat uit paprika, zout, zwarte peper, komijn, cayennepeper, piment, knoflookpoeder en fenegriek.<\/p>\t\t\t\t\t\t\t\t<\/div>\n\t\t\t\t<\/div>\n\t\t\t\t<div class=\"elementor-element elementor-element-4d99c03 elementor-widget elementor-widget-text-editor\" data-id=\"4d99c03\" data-element_type=\"widget\" data-widget_type=\"text-editor.default\">\n\t\t\t\t<div class=\"elementor-widget-container\">\n\t\t\t\t\t\t\t\t\t\u00b7 \u00b7 \u00b7 \u25ca \u25ca \u25ca \u00b7 \u00b7 \u00b7\t\t\t\t\t\t\t\t<\/div>\n\t\t\t\t<\/div>\n\t\t\t\t\t<\/div>\n\t\t<\/div>\n\t\t\t\t\t<\/div>\n\t\t<\/section>\n\t\t\t\t<section class=\"elementor-section elementor-top-section elementor-element elementor-element-b93dd99 elementor-section-full_width elementor-section-height-default elementor-section-height-default\" data-id=\"b93dd99\" data-element_type=\"section\">\n\t\t\t\t\t\t<div class=\"elementor-container elementor-column-gap-default\">\n\t\t\t\t\t<div class=\"elementor-column elementor-col-66 elementor-top-column elementor-element elementor-element-0fd465d\" data-id=\"0fd465d\" data-element_type=\"column\">\n\t\t\t<div class=\"elementor-widget-wrap elementor-element-populated\">\n\t\t\t\t\t\t<div class=\"elementor-element elementor-element-586274b7 elementor-invisible elementor-widget elementor-widget-image\" data-id=\"586274b7\" data-element_type=\"widget\" data-settings=\"{&quot;_animation&quot;:&quot;fadeIn&quot;}\" data-widget_type=\"image.default\">\n\t\t\t\t<div class=\"elementor-widget-container\">\n\t\t\t\t\t\t\t\t\t\t\t\t\t\t\t<img decoding=\"async\" src=\"https:\/\/unbland.co\/wp-content\/uploads\/2020\/12\/chaimen-spiceblend-880x870.jpg\" title=\"chaimen-spiceblend\" alt=\"Chaimen spice blend\" loading=\"lazy\" \/>\t\t\t\t\t\t\t\t\t\t\t\t\t\t\t<\/div>\n\t\t\t\t<\/div>\n\t\t\t\t\t<\/div>\n\t\t<\/div>\n\t\t\t\t<div class=\"elementor-column elementor-col-33 elementor-top-column elementor-element elementor-element-7d77464\" data-id=\"7d77464\" data-element_type=\"column\" data-settings=\"{&quot;background_background&quot;:&quot;classic&quot;}\">\n\t\t\t<div class=\"elementor-widget-wrap elementor-element-populated\">\n\t\t\t\t\t\t<div class=\"elementor-element elementor-element-f0b96ec elementor-widget elementor-widget-global elementor-global-5047 elementor-widget-woocommerce-product-price\" data-id=\"f0b96ec\" data-element_type=\"widget\" data-widget_type=\"woocommerce-product-price.default\">\n\t\t\t\t<div class=\"elementor-widget-container\">\n\t\t\t\t\t<p class=\"price\"><span class=\"woocommerce-Price-amount amount\"><bdi><span class=\"woocommerce-Price-currencySymbol\">&euro;<\/span>3.95<\/bdi><\/span><\/p>\n\t\t\t\t<\/div>\n\t\t\t\t<\/div>\n\t\t\t\t<div class=\"elementor-element elementor-element-b7eea7d elementor-add-to-cart--align-left elementor-add-to-cart-mobile--align-center e-add-to-cart--show-quantity-yes elementor-widget elementor-widget-global elementor-global-5052 elementor-widget-woocommerce-product-add-to-cart\" data-id=\"b7eea7d\" data-element_type=\"widget\" data-widget_type=\"woocommerce-product-add-to-cart.default\">\n\t\t\t\t<div class=\"elementor-widget-container\">\n\t\t\t\t\t\n\t\t<div class=\"elementor-add-to-cart elementor-product-simple\">\n\t\t\t<p class=\"stock out-of-stock\" data-no-translation=\"\" data-trp-gettext=\"\">Uitverkocht<\/p>\n\t\t<\/div>\n\n\t\t\t\t\t\t<\/div>\n\t\t\t\t<\/div>\n\t\t\t\t<div class=\"elementor-element elementor-element-3457f9cb elementor-widget elementor-widget-text-editor\" data-id=\"3457f9cb\" data-element_type=\"widget\" data-widget_type=\"text-editor.default\">\n\t\t\t\t<div class=\"elementor-widget-container\">\n\t\t\t\t\t\t\t\t\t<p>Ingredi\u00ebnten: rode paprika, zout, zwarte peper, komijn, cayennepeper, <br \/>piment, knoflook, fenegriek.<\/p>\t\t\t\t\t\t\t\t<\/div>\n\t\t\t\t<\/div>\n\t\t\t\t<div class=\"elementor-element elementor-element-1ab3dfd elementor-widget elementor-widget-text-editor\" data-id=\"1ab3dfd\" data-element_type=\"widget\" data-widget_type=\"text-editor.default\">\n\t\t\t\t<div class=\"elementor-widget-container\">\n\t\t\t\t\t\t\t\t\t<p>Nettogewicht 35gram<\/p><p>Het beste te gebruiken binnen 3 maanden<\/p>\t\t\t\t\t\t\t\t<\/div>\n\t\t\t\t<\/div>\n\t\t\t\t<div class=\"elementor-element elementor-element-b776367 elementor-widget elementor-widget-text-editor\" data-id=\"b776367\" data-element_type=\"widget\" data-widget_type=\"text-editor.default\">\n\t\t\t\t<div class=\"elementor-widget-container\">\n\t\t\t\t\t\t\t\t\t<p>Onze kruidenmixen zijn handgemaakt op bestelling en worden binnen 2-3 werkdagen verzonden.&nbsp;<br><span style=\"font-size: 16px;\">Alle mixen zijn verpakt in hersluitbare zakjes.<\/span><\/p>\t\t\t\t\t\t\t\t<\/div>\n\t\t\t\t<\/div>\n\t\t\t\t\t<\/div>\n\t\t<\/div>\n\t\t\t\t\t<\/div>\n\t\t<\/section>\n\t\t\t\t<section class=\"elementor-section elementor-top-section elementor-element elementor-element-17bd97a elementor-section-full_width elementor-section-height-default elementor-section-height-default\" data-id=\"17bd97a\" data-element_type=\"section\">\n\t\t\t\t\t\t<div class=\"elementor-container elementor-column-gap-default\">\n\t\t\t\t\t<div class=\"elementor-column elementor-col-33 elementor-top-column elementor-element elementor-element-9a3b150\" data-id=\"9a3b150\" data-element_type=\"column\">\n\t\t\t<div class=\"elementor-widget-wrap elementor-element-populated\">\n\t\t\t\t\t\t<div class=\"elementor-element elementor-element-1871b1f elementor-widget elementor-widget-qi_addons_for_elementor_section_title\" data-id=\"1871b1f\" data-element_type=\"widget\" data-widget_type=\"qi_addons_for_elementor_section_title.default\">\n\t\t\t\t<div class=\"elementor-widget-container\">\n\t\t\t\t\t<div class=\"qodef-shortcode qodef-m qodef-qi-section-title qodef-decoration--italic qodef-link--underline-draw qodef-subtitle-icon--left\">\n\t\t\t\t\t\t<h2 class=\"qodef-m-title\">\n\t\tOORSPRONG VAN CHAIMEN\t<\/h2>\n\t\t\t<div class=\"qodef-m-text\"><p>Armeni\u00ebrs zijn een volk met een oude cultuur die oorspronkelijk leefde in de regio die bekend staat als Armeni\u00eb, dat bestaat uit wat nu het noordoosten van Turkije en de Republiek Armeni\u00eb is. Hoewel sommigen in Turkije zijn gevestigd, wonen er meer dan drie miljoen Armeni\u00ebrs in de republiek. Grote aantallen wonen ook in Georgi\u00eb, evenals in andere delen van de Kaukasus en het Midden-Oosten.<\/p><p>De oude Armeense cultuur kwam tot uitdrukking in architectuur, schilderkunst en beeldhouwkunst. Armeni\u00eb maakt deel uit van het Midden-Oosten. Het religieuze tafereel van Armeni\u00eb is echter nogal Europees. Armeni\u00eb staat bekend om zijn prachtige landschappen, zijn keuken, cultuur en geschiedenis. Aangezien Armeni\u00eb het eerste land was dat officieel het christendom aannam, kun je enkele van 's werelds oudste kerken en kloosters vinden in de buitengewoon mooie natuurlijke omgeving.<\/p><\/div>\n\t<\/div>\n\t\t\t\t<\/div>\n\t\t\t\t<\/div>\n\t\t\t\t\t<\/div>\n\t\t<\/div>\n\t\t\t\t<div class=\"elementor-column elementor-col-33 elementor-top-column elementor-element elementor-element-c4f3ccd\" data-id=\"c4f3ccd\" data-element_type=\"column\">\n\t\t\t<div class=\"elementor-widget-wrap elementor-element-populated\">\n\t\t\t\t\t\t<div class=\"elementor-element elementor-element-e496348 elementor-widget elementor-widget-qi_addons_for_elementor_section_title\" data-id=\"e496348\" data-element_type=\"widget\" data-widget_type=\"qi_addons_for_elementor_section_title.default\">\n\t\t\t\t<div class=\"elementor-widget-container\">\n\t\t\t\t\t<div class=\"qodef-shortcode qodef-m qodef-qi-section-title qodef-decoration--italic qodef-link--underline-draw qodef-subtitle-icon--left\">\n\t\t\t\t\t\t<h2 class=\"qodef-m-title\">\n\t\tHOE TE GEBRUIKEN\t<\/h2>\n\t\t\t<div class=\"qodef-m-text\"><p>Je kunt de Chaimen kruidenmix gewoon gebruiken door hem toe te voegen aan je groentestoofpot of soep of als rub voor je vlees. Een andere manier is om het als marinade te gebruiken door het toe te voegen aan tomatenpuree, knoflook, yoghurt of olijfolie. Chaimen is ook populair als dipsaus. Voeg steeds een beetje water toe, roer goed tot er een losse pasta ontstaat. Smeer het op vlees of dip je brood erin.<\/p><\/div>\n\t<\/div>\n\t\t\t\t<\/div>\n\t\t\t\t<\/div>\n\t\t\t\t<div class=\"elementor-element elementor-element-9cdc413 elementor-widget elementor-widget-qi_addons_for_elementor_section_title\" data-id=\"9cdc413\" data-element_type=\"widget\" data-widget_type=\"qi_addons_for_elementor_section_title.default\">\n\t\t\t\t<div class=\"elementor-widget-container\">\n\t\t\t\t\t<div class=\"qodef-shortcode qodef-m qodef-qi-section-title qodef-decoration--italic qodef-link--underline-draw qodef-subtitle-icon--left\">\n\t\t\t\t\t\t<h2 class=\"qodef-m-title\">\n\t\tSMAAKPROFIEL\t<\/h2>\n\t\t\t<div class=\"qodef-m-text\"><p>De Chaimen kruidenmix heeft een uitgesproken en aromatische smaak. Een kleine hoeveelheid cayennepeper zorgt voor een beetje hitte.<\/p><\/div>\n\t<\/div>\n\t\t\t\t<\/div>\n\t\t\t\t<\/div>\n\t\t\t\t\t<\/div>\n\t\t<\/div>\n\t\t\t\t<div class=\"elementor-column elementor-col-33 elementor-top-column elementor-element elementor-element-eaa51de\" data-id=\"eaa51de\" data-element_type=\"column\">\n\t\t\t<div class=\"elementor-widget-wrap elementor-element-populated\">\n\t\t\t\t\t\t<div class=\"elementor-element elementor-element-68cac80 elementor-widget elementor-widget-image\" data-id=\"68cac80\" data-element_type=\"widget\" data-widget_type=\"image.default\">\n\t\t\t\t<div class=\"elementor-widget-container\">\n\t\t\t\t\t\t\t\t\t\t\t\t\t\t\t\t<a href=\"https:\/\/unbland.co\/wp-content\/uploads\/2021\/07\/chaimen-spiceblend-detail-1-2.jpg\" data-elementor-open-lightbox=\"yes\" data-elementor-lightbox-title=\"chaimen-spiceblend-detail-1 2\" data-e-action-hash=\"#elementor-action%3Aaction%3Dlightbox%26settings%3DeyJpZCI6NTI3NSwidXJsIjoiaHR0cHM6XC9cL3VuYmxhbmQuY29cL3dwLWNvbnRlbnRcL3VwbG9hZHNcLzIwMjFcLzA3XC9jaGFpbWVuLXNwaWNlYmxlbmQtZGV0YWlsLTEtMi5qcGcifQ%3D%3D\">\n\t\t\t\t\t\t\t<img fetchpriority=\"high\" decoding=\"async\" width=\"800\" height=\"800\" src=\"https:\/\/unbland.co\/wp-content\/uploads\/2021\/07\/chaimen-spiceblend-detail-1-2-1024x1024.jpg\" class=\"attachment-large size-large wp-image-5275\" alt=\"Chaimen spice blend ingredients\" srcset=\"https:\/\/unbland.co\/wp-content\/uploads\/2021\/07\/chaimen-spiceblend-detail-1-2-1024x1024.jpg 1024w, https:\/\/unbland.co\/wp-content\/uploads\/2021\/07\/chaimen-spiceblend-detail-1-2-100x100.jpg 100w, https:\/\/unbland.co\/wp-content\/uploads\/2021\/07\/chaimen-spiceblend-detail-1-2-600x600.jpg 600w, https:\/\/unbland.co\/wp-content\/uploads\/2021\/07\/chaimen-spiceblend-detail-1-2-300x300.jpg 300w, https:\/\/unbland.co\/wp-content\/uploads\/2021\/07\/chaimen-spiceblend-detail-1-2-150x150.jpg 150w, https:\/\/unbland.co\/wp-content\/uploads\/2021\/07\/chaimen-spiceblend-detail-1-2-768x768.jpg 768w, https:\/\/unbland.co\/wp-content\/uploads\/2021\/07\/chaimen-spiceblend-detail-1-2-12x12.jpg 12w, https:\/\/unbland.co\/wp-content\/uploads\/2021\/07\/chaimen-spiceblend-detail-1-2-690x690.jpg 690w, https:\/\/unbland.co\/wp-content\/uploads\/2021\/07\/chaimen-spiceblend-detail-1-2-790x790.jpg 790w, https:\/\/unbland.co\/wp-content\/uploads\/2021\/07\/chaimen-spiceblend-detail-1-2.jpg 1200w\" sizes=\"(max-width: 800px) 100vw, 800px\" \/>\t\t\t\t\t\t\t\t<\/a>\n\t\t\t\t\t\t\t\t\t\t\t\t\t\t\t<\/div>\n\t\t\t\t<\/div>\n\t\t\t\t<div class=\"elementor-element elementor-element-4aeed42 elementor-widget elementor-widget-text-editor\" data-id=\"4aeed42\" data-element_type=\"widget\" data-widget_type=\"text-editor.default\">\n\t\t\t\t<div class=\"elementor-widget-container\">\n\t\t\t\t\t\t\t\t\t<p>Afgebeeld: alle acht ingredi\u00ebnten die in onze Chaimen blend worden gebruikt.<\/p>\t\t\t\t\t\t\t\t<\/div>\n\t\t\t\t<\/div>\n\t\t\t\t\t<\/div>\n\t\t<\/div>\n\t\t\t\t\t<\/div>\n\t\t<\/section>\n\t\t\t\t<section class=\"elementor-section elementor-top-section elementor-element elementor-element-d34fab3 elementor-section-full_width elementor-section-height-default elementor-section-height-default\" data-id=\"d34fab3\" data-element_type=\"section\" data-settings=\"{&quot;background_background&quot;:&quot;classic&quot;}\">\n\t\t\t\t\t\t<div class=\"elementor-container elementor-column-gap-no\">\n\t\t\t\t\t<div class=\"elementor-column elementor-col-100 elementor-top-column elementor-element elementor-element-9882365\" data-id=\"9882365\" data-element_type=\"column\">\n\t\t\t<div class=\"elementor-widget-wrap elementor-element-populated\">\n\t\t\t\t\t\t<div class=\"elementor-element elementor-element-0e56e44 elementor-widget elementor-widget-image\" data-id=\"0e56e44\" data-element_type=\"widget\" data-widget_type=\"image.default\">\n\t\t\t\t<div class=\"elementor-widget-container\">\n\t\t\t\t\t\t\t\t\t\t\t\t\t\t\t<img decoding=\"async\" width=\"1961\" height=\"1090\" src=\"https:\/\/unbland.co\/wp-content\/uploads\/2021\/07\/hero-mid-chaimen-armenia.jpg\" class=\"attachment-full size-full wp-image-5279\" alt=\"Chaimen spice blend\" srcset=\"https:\/\/unbland.co\/wp-content\/uploads\/2021\/07\/hero-mid-chaimen-armenia.jpg 1961w, https:\/\/unbland.co\/wp-content\/uploads\/2021\/07\/hero-mid-chaimen-armenia-600x334.jpg 600w, https:\/\/unbland.co\/wp-content\/uploads\/2021\/07\/hero-mid-chaimen-armenia-300x167.jpg 300w, https:\/\/unbland.co\/wp-content\/uploads\/2021\/07\/hero-mid-chaimen-armenia-1024x569.jpg 1024w, https:\/\/unbland.co\/wp-content\/uploads\/2021\/07\/hero-mid-chaimen-armenia-768x427.jpg 768w, https:\/\/unbland.co\/wp-content\/uploads\/2021\/07\/hero-mid-chaimen-armenia-1536x854.jpg 1536w, https:\/\/unbland.co\/wp-content\/uploads\/2021\/07\/hero-mid-chaimen-armenia-16x9.jpg 16w, https:\/\/unbland.co\/wp-content\/uploads\/2021\/07\/hero-mid-chaimen-armenia-1241x690.jpg 1241w, https:\/\/unbland.co\/wp-content\/uploads\/2021\/07\/hero-mid-chaimen-armenia-1320x734.jpg 1320w, https:\/\/unbland.co\/wp-content\/uploads\/2021\/07\/hero-mid-chaimen-armenia-790x439.jpg 790w\" sizes=\"(max-width: 1961px) 100vw, 1961px\" \/>\t\t\t\t\t\t\t\t\t\t\t\t\t\t\t<\/div>\n\t\t\t\t<\/div>\n\t\t\t\t\t<\/div>\n\t\t<\/div>\n\t\t\t\t\t<\/div>\n\t\t<\/section>\n\t\t\t\t<section class=\"elementor-section elementor-top-section elementor-element elementor-element-902b5f1 elementor-section-boxed elementor-section-height-default elementor-section-height-default\" data-id=\"902b5f1\" data-element_type=\"section\">\n\t\t\t\t\t\t<div class=\"elementor-container elementor-column-gap-default\">\n\t\t\t\t\t<div class=\"elementor-column elementor-col-100 elementor-top-column elementor-element elementor-element-b37c09d\" data-id=\"b37c09d\" data-element_type=\"column\">\n\t\t\t<div class=\"elementor-widget-wrap elementor-element-populated\">\n\t\t\t\t\t\t<div class=\"elementor-element elementor-element-0b01d63 elementor-grid-3 elementor-product-loop-item--align-center elementor-grid-tablet-3 elementor-grid-mobile-2 elementor-products-grid elementor-wc-products show-heading-yes elementor-widget elementor-widget-global elementor-global-5069 elementor-widget-woocommerce-product-related\" data-id=\"0b01d63\" data-element_type=\"widget\" data-widget_type=\"woocommerce-product-related.default\">\n\t\t\t\t<div class=\"elementor-widget-container\">\n\t\t\t\t\t\n\t<section class=\"related products\">\n\n\t\t\t\t\t<h2 data-no-translation=\"\" data-trp-gettext=\"\">Voel je je avontuurlijk? Bekijk dan ook deze mixen. Doe eens gek.<\/h2>\n\t\t\t\t<ul class=\"products elementor-grid columns-4\">\n\n\t\t\t\n\t\t\t\t\t<li class=\"product type-product post-5525 status-publish first outofstock product_cat-blend product_tag-amok product_tag-blend product_tag-cambodia product_tag-curry has-post-thumbnail purchasable product-type-simple\">\n\t<a href=\"https:\/\/unbland.co\/nl\/product\/amok\/\" class=\"woocommerce-LoopProduct-link woocommerce-loop-product__link\"><img decoding=\"async\" width=\"300\" height=\"225\" src=\"https:\/\/unbland.co\/wp-content\/uploads\/2021\/09\/amok-spiceblend-2-300x225.jpg\" class=\"attachment-woocommerce_thumbnail size-woocommerce_thumbnail\" alt=\"Amok spice blend\" srcset=\"https:\/\/unbland.co\/wp-content\/uploads\/2021\/09\/amok-spiceblend-2-300x225.jpg 300w, https:\/\/unbland.co\/wp-content\/uploads\/2021\/09\/amok-spiceblend-2-600x450.jpg 600w, https:\/\/unbland.co\/wp-content\/uploads\/2021\/09\/amok-spiceblend-2-1024x768.jpg 1024w, https:\/\/unbland.co\/wp-content\/uploads\/2021\/09\/amok-spiceblend-2-768x576.jpg 768w, https:\/\/unbland.co\/wp-content\/uploads\/2021\/09\/amok-spiceblend-2-16x12.jpg 16w, https:\/\/unbland.co\/wp-content\/uploads\/2021\/09\/amok-spiceblend-2-920x690.jpg 920w, https:\/\/unbland.co\/wp-content\/uploads\/2021\/09\/amok-spiceblend-2-790x593.jpg 790w, https:\/\/unbland.co\/wp-content\/uploads\/2021\/09\/amok-spiceblend-2.jpg 1160w\" sizes=\"(max-width: 300px) 100vw, 300px\" \/><h2 class=\"woocommerce-loop-product__title\">Amok<\/h2>\n\t<span class=\"price\"><span class=\"woocommerce-Price-amount amount\"><bdi><span class=\"woocommerce-Price-currencySymbol\">&euro;<\/span>3.95<\/bdi><\/span><\/span>\n<\/a><a href=\"https:\/\/unbland.co\/nl\/product\/amok\/\" aria-describedby=\"woocommerce_loop_add_to_cart_link_describedby_5525\" data-quantity=\"1\" class=\"button product_type_simple\" data-product_id=\"5525\" data-product_sku=\"NBLND022\" aria-label=\"Lees meer over \u201cAmok\u201d\" rel=\"nofollow\" data-success_message=\"\" data-no-translation=\"\" data-trp-gettext=\"\" data-no-translation-aria-label=\"\">Lees meer<\/a>\t<span id=\"woocommerce_loop_add_to_cart_link_describedby_5525\" class=\"screen-reader-text\">\n\t\t\t<\/span>\n<\/li>\n\n\t\t\t\n\t\t\t\t\t<li class=\"product type-product post-2856 status-publish outofstock product_cat-blend product_tag-blend product_tag-eastafrica product_tag-ethiopia product_tag-mitmita has-post-thumbnail purchasable product-type-simple\">\n\t<a href=\"https:\/\/unbland.co\/nl\/product\/mitmita\/\" class=\"woocommerce-LoopProduct-link woocommerce-loop-product__link\"><img loading=\"lazy\" decoding=\"async\" width=\"300\" height=\"225\" src=\"https:\/\/unbland.co\/wp-content\/uploads\/2020\/12\/mitmita-spiceblend-300x225.jpg\" class=\"attachment-woocommerce_thumbnail size-woocommerce_thumbnail\" alt=\"Mitmita spice blend\" srcset=\"https:\/\/unbland.co\/wp-content\/uploads\/2020\/12\/mitmita-spiceblend-300x225.jpg 300w, https:\/\/unbland.co\/wp-content\/uploads\/2020\/12\/mitmita-spiceblend-600x450.jpg 600w, https:\/\/unbland.co\/wp-content\/uploads\/2020\/12\/mitmita-spiceblend-1024x768.jpg 1024w, https:\/\/unbland.co\/wp-content\/uploads\/2020\/12\/mitmita-spiceblend-768x576.jpg 768w, https:\/\/unbland.co\/wp-content\/uploads\/2020\/12\/mitmita-spiceblend-16x12.jpg 16w, https:\/\/unbland.co\/wp-content\/uploads\/2020\/12\/mitmita-spiceblend-920x690.jpg 920w, https:\/\/unbland.co\/wp-content\/uploads\/2020\/12\/mitmita-spiceblend-790x593.jpg 790w, https:\/\/unbland.co\/wp-content\/uploads\/2020\/12\/mitmita-spiceblend.jpg 1160w\" sizes=\"(max-width: 300px) 100vw, 300px\" \/><h2 class=\"woocommerce-loop-product__title\">Mitmita<\/h2>\n\t<span class=\"price\"><span class=\"woocommerce-Price-amount amount\"><bdi><span class=\"woocommerce-Price-currencySymbol\">&euro;<\/span>3.95<\/bdi><\/span><\/span>\n<\/a><a href=\"https:\/\/unbland.co\/nl\/product\/mitmita\/\" aria-describedby=\"woocommerce_loop_add_to_cart_link_describedby_2856\" data-quantity=\"1\" class=\"button product_type_simple\" data-product_id=\"2856\" data-product_sku=\"NBLND011\" aria-label=\"Lees meer over \u201cMitmita\u201d\" rel=\"nofollow\" data-success_message=\"\" data-no-translation=\"\" data-trp-gettext=\"\" data-no-translation-aria-label=\"\">Lees meer<\/a>\t<span id=\"woocommerce_loop_add_to_cart_link_describedby_2856\" class=\"screen-reader-text\">\n\t\t\t<\/span>\n<\/li>\n\n\t\t\t\n\t\t\t\t\t<li class=\"product type-product post-2853 status-publish outofstock product_cat-blend product_tag-blend product_tag-la-kama product_tag-morocco product_tag-northafrica has-post-thumbnail purchasable product-type-simple\">\n\t<a href=\"https:\/\/unbland.co\/nl\/product\/lakama\/\" class=\"woocommerce-LoopProduct-link woocommerce-loop-product__link\"><img loading=\"lazy\" decoding=\"async\" width=\"300\" height=\"225\" src=\"https:\/\/unbland.co\/wp-content\/uploads\/2020\/12\/lakama-spiceblend-300x225.jpg\" class=\"attachment-woocommerce_thumbnail size-woocommerce_thumbnail\" alt=\"La Kama spice blend\" srcset=\"https:\/\/unbland.co\/wp-content\/uploads\/2020\/12\/lakama-spiceblend-300x225.jpg 300w, https:\/\/unbland.co\/wp-content\/uploads\/2020\/12\/lakama-spiceblend-600x450.jpg 600w, https:\/\/unbland.co\/wp-content\/uploads\/2020\/12\/lakama-spiceblend-1024x768.jpg 1024w, https:\/\/unbland.co\/wp-content\/uploads\/2020\/12\/lakama-spiceblend-768x576.jpg 768w, https:\/\/unbland.co\/wp-content\/uploads\/2020\/12\/lakama-spiceblend-16x12.jpg 16w, https:\/\/unbland.co\/wp-content\/uploads\/2020\/12\/lakama-spiceblend-920x690.jpg 920w, https:\/\/unbland.co\/wp-content\/uploads\/2020\/12\/lakama-spiceblend-790x593.jpg 790w, https:\/\/unbland.co\/wp-content\/uploads\/2020\/12\/lakama-spiceblend.jpg 1160w\" sizes=\"(max-width: 300px) 100vw, 300px\" \/><h2 class=\"woocommerce-loop-product__title\">La Kama<\/h2>\n\t<span class=\"price\"><span class=\"woocommerce-Price-amount amount\"><bdi><span class=\"woocommerce-Price-currencySymbol\">&euro;<\/span>3.95<\/bdi><\/span><\/span>\n<\/a><a href=\"https:\/\/unbland.co\/nl\/product\/lakama\/\" aria-describedby=\"woocommerce_loop_add_to_cart_link_describedby_2853\" data-quantity=\"1\" class=\"button product_type_simple\" data-product_id=\"2853\" data-product_sku=\"NBLND007\" aria-label=\"Lees meer over \u201cLa Kama\u201d\" rel=\"nofollow\" data-success_message=\"\" data-no-translation=\"\" data-trp-gettext=\"\" data-no-translation-aria-label=\"\">Lees meer<\/a>\t<span id=\"woocommerce_loop_add_to_cart_link_describedby_2853\" class=\"screen-reader-text\">\n\t\t\t<\/span>\n<\/li>\n\n\t\t\t\n\t\t<\/ul>\n\n\t<\/section>\n\t\t\t\t\t<\/div>\n\t\t\t\t<\/div>\n\t\t\t\t\t<\/div>\n\t\t<\/div>\n\t\t\t\t\t<\/div>\n\t\t<\/section>\n\t\t\t\t<\/div>","protected":false},"excerpt":{"rendered":"<p>Chaimen is an authentic Armenian spice blend. The aromatic mix of spices provides tons of flavor to your meat or vegetable dishes.<\/p>","protected":false},"featured_media":4516,"comment_status":"open","ping_status":"closed","template":"elementor_header_footer","meta":{"jetpack_post_was_ever_published":false,"jetpack_publicize_message":"","jetpack_publicize_feature_enabled":true,"jetpack_social_post_already_shared":true,"jetpack_social_options":{"image_generator_settings":{"template":"highway","enabled":false},"version":2}},"product_brand":[],"product_cat":[18],"product_tag":[339,20,338,21],"class_list":{"0":"post-5273","1":"product","2":"type-product","3":"status-publish","4":"has-post-thumbnail","6":"product_cat-blend","7":"product_tag-armenia","8":"product_tag-blend","9":"product_tag-chaimen","10":"product_tag-middle-east","12":"last","13":"outofstock","14":"purchasable","15":"product-type-simple"},"jetpack_publicize_connections":[],"jetpack_sharing_enabled":true,"_links":{"self":[{"href":"https:\/\/unbland.co\/nl\/wp-json\/wp\/v2\/product\/5273","targetHints":{"allow":["GET"]}}],"collection":[{"href":"https:\/\/unbland.co\/nl\/wp-json\/wp\/v2\/product"}],"about":[{"href":"https:\/\/unbland.co\/nl\/wp-json\/wp\/v2\/types\/product"}],"replies":[{"embeddable":true,"href":"https:\/\/unbland.co\/nl\/wp-json\/wp\/v2\/comments?post=5273"}],"version-history":[{"count":2,"href":"https:\/\/unbland.co\/nl\/wp-json\/wp\/v2\/product\/5273\/revisions"}],"predecessor-version":[{"id":8380,"href":"https:\/\/unbland.co\/nl\/wp-json\/wp\/v2\/product\/5273\/revisions\/8380"}],"wp:featuredmedia":[{"embeddable":true,"href":"https:\/\/unbland.co\/nl\/wp-json\/wp\/v2\/media\/4516"}],"wp:attachment":[{"href":"https:\/\/unbland.co\/nl\/wp-json\/wp\/v2\/media?parent=5273"}],"wp:term":[{"taxonomy":"product_brand","embeddable":true,"href":"https:\/\/unbland.co\/nl\/wp-json\/wp\/v2\/product_brand?post=5273"},{"taxonomy":"product_cat","embeddable":true,"href":"https:\/\/unbland.co\/nl\/wp-json\/wp\/v2\/product_cat?post=5273"},{"taxonomy":"product_tag","embeddable":true,"href":"https:\/\/unbland.co\/nl\/wp-json\/wp\/v2\/product_tag?post=5273"}],"curies":[{"name":"wp","href":"https:\/\/api.w.org\/{rel}","templated":true}]}}